{"id":3515,"date":"2019-01-04T17:04:04","date_gmt":"2019-01-04T17:04:04","guid":{"rendered":"https:\/\/termo-plus.com\/pl\/?page_id=3515"},"modified":"2024-03-01T08:30:41","modified_gmt":"2024-03-01T08:30:41","slug":"termo-plus-heat-pumps","status":"publish","type":"page","link":"https:\/\/termo-plus.com\/pl\/","title":{"rendered":"Pompy ciep\u0142a Termo Plus"},"content":{"rendered":"<p><div class=\"fusion-fullwidth fullwidth-box fusion-builder-row-1 fusion-flex-container nonhundred-percent-fullwidth non-hundred-percent-height-scrolling\" style=\"--awb-border-radius-top-left:0px;--awb-border-radius-top-right:0px;--awb-border-radius-bottom-right:0px;--awb-border-radius-bottom-left:0px;--awb-padding-top:32px;--awb-flex-wrap:wrap;\" id=\"products-section\" ><div class=\"fusion-builder-row fusion-row fusion-flex-align-items-stretch fusion-flex-content-wrap\" style=\"max-width:1248px;margin-left: calc(-4% \/ 2 );margin-right: calc(-4% \/ 2 );\"><div class=\"fusion-layout-column fusion_builder_column fusion-builder-column-0 fusion_builder_column_1_3 1_3 fusion-flex-column fusion-flex-align-self-flex-start fusion-column-no-min-height\" style=\"--awb-bg-size:cover;--awb-width-large:33.333333333333%;--awb-margin-top-large:0px;--awb-spacing-right-large:3.84%;--awb-margin-bottom-large:0px;--awb-spacing-left-large:5.76%;--awb-width-medium:33.333333333333%;--awb-spacing-right-medium:3.84%;--awb-spacing-left-medium:5.76%;--awb-width-small:100%;--awb-spacing-right-small:1.92%;--awb-spacing-left-small:1.92%;\"><div class=\"fusion-column-wrapper fusion-flex-justify-content-center fusion-content-layout-column\"><div class=\"fusion-title title fusion-title-1 fusion-sep-none fusion-title-text fusion-title-size-two\"><h2 class=\"fusion-title-heading title-heading-left\" style=\"margin:0;\">Produkty<\/h2><\/div><div class=\"fusion-text fusion-text-1\"><p>Twoje wyj\u0105tkowe potrzeby zas\u0142uguj\u0105 na unikalne rozwi\u0105zania. Odkryj swoje opcje. Produkujemy szerok\u0105 gam\u0119 pomp ciep\u0142a, dostosowanych do r\u00f3\u017cnych potrzeb.<\/p>\n<\/div><div style=\"text-align:left;\"><a class=\"fusion-button button-flat button-large button-default fusion-button-default button-1 fusion-button-default-span fusion-button-default-type\" style=\"--button-border-radius-top-left:25px;--button-border-radius-top-right:25px;--button-border-radius-bottom-right:25px;--button-border-radius-bottom-left:25px;\" target=\"_self\" href=\"https:\/\/termo-plus.com\/pl\/produkty\/\"><span class=\"fusion-button-text\">NASZE PRODUKTY<\/span><\/a><\/div><div class=\"fusion-text fusion-text-2\"><div class=\"solutions-container\">\n<div class=\"solution-third\">\n<h5><a href=\"https:\/\/termo-plus.com\/solutions\/solutions-for-homes-and-housing\/\"><img decoding=\"async\" class=\"lazyload alignnone size-full wp-image-3028\" src=\"data:image\/svg+xml,%3Csvg%20xmlns%3D%27http%3A%2F%2Fwww.w3.org%2F2000%2Fsvg%27%20width%3D%2759%27%20height%3D%2737%27%20viewBox%3D%270%200%2059%2037%27%3E%3Crect%20width%3D%2759%27%20height%3D%2737%27%20fill-opacity%3D%220%22%2F%3E%3C%2Fsvg%3E\" data-orig-src=\"https:\/\/termo-plus.com\/wp-content\/uploads\/2018\/09\/heat-pumps-for-housing.png\" alt=\"Heat Pumps for homes\" width=\"59\" height=\"37\"><br \/>\nDomy i mieszkania<\/a><\/h5>\n<\/div>\n<div class=\"solution-third\">\n<h5><a href=\"https:\/\/termo-plus.com\/solutions\/solutions-for-gyms-and-sports-facilities\/\"><img decoding=\"async\" class=\"lazyload alignnone size-full wp-image-3026\" src=\"data:image\/svg+xml,%3Csvg%20xmlns%3D%27http%3A%2F%2Fwww.w3.org%2F2000%2Fsvg%27%20width%3D%2759%27%20height%3D%2752%27%20viewBox%3D%270%200%2059%2052%27%3E%3Crect%20width%3D%2759%27%20height%3D%2752%27%20fill-opacity%3D%220%22%2F%3E%3C%2Fsvg%3E\" data-orig-src=\"https:\/\/termo-plus.com\/wp-content\/uploads\/2018\/09\/heat-pumps-for-gyms.png\" alt=\"Heat pumps for Gyms and Sports Facilities\" width=\"59\" height=\"52\"><br \/>\nSi\u0142ownia lub obiekt sportowy<\/a><\/h5>\n<\/div>\n<div class=\"solution-third\">\n<h5><a href=\"https:\/\/termo-plus.com\/solutions\/hotels\/\"><img decoding=\"async\" class=\"lazyload alignnone size-full wp-image-3027\" src=\"data:image\/svg+xml,%3Csvg%20xmlns%3D%27http%3A%2F%2Fwww.w3.org%2F2000%2Fsvg%27%20width%3D%2770%27%20height%3D%2761%27%20viewBox%3D%270%200%2070%2061%27%3E%3Crect%20width%3D%2770%27%20height%3D%2761%27%20fill-opacity%3D%220%22%2F%3E%3C%2Fsvg%3E\" data-orig-src=\"https:\/\/termo-plus.com\/wp-content\/uploads\/2018\/09\/heat-pumps-for-hotels.png\" alt=\"Heat Pumps for Hotels\" width=\"70\" height=\"61\"><br \/>\nRozwi\u0105zania dla hoteli<br \/>\n<\/a><\/h5>\n<\/div>\n<\/div>\n<\/div><\/div><\/div><div class=\"fusion-layout-column fusion_builder_column fusion-builder-column-1 fusion_builder_column_2_3 2_3 fusion-flex-column\" style=\"--awb-bg-position:center bottom;--awb-bg-size:cover;--awb-width-large:66.666666666667%;--awb-margin-top-large:0px;--awb-spacing-right-large:2.88%;--awb-margin-bottom-large:0px;--awb-spacing-left-large:3.84%;--awb-width-medium:66.666666666667%;--awb-spacing-right-medium:2.88%;--awb-spacing-left-medium:3.84%;--awb-width-small:100%;--awb-spacing-right-small:1.92%;--awb-spacing-left-small:1.92%;\" id=\"products-images-container\"><div class=\"fusion-column-wrapper lazyload fusion-flex-justify-content-flex-start fusion-content-layout-column fusion-empty-column-bg-image fusion-column-has-bg-image\" data-bg-url=\"https:\/\/termo-plus.com\/wp-content\/uploads\/2019\/02\/products-termo-plus-2019.png\" data-bg=\"https:\/\/termo-plus.com\/wp-content\/uploads\/2019\/02\/products-termo-plus-2019.png\"><img decoding=\"async\" class=\"fusion-empty-dims-img-placeholder fusion-no-large-visibility fusion-no-medium-visibility\" src=\"data:image\/svg+xml,%3Csvg%20xmlns%3D%27http%3A%2F%2Fwww.w3.org%2F2000%2Fsvg%27%20width%3D%27912%27%20height%3D%27394%27%20viewBox%3D%270%200%20912%20394%27%3E%3Crect%20width%3D%27912%27%20height%3D%27394%27%20fill-opacity%3D%220%22%2F%3E%3C%2Fsvg%3E\"><\/div><\/div><\/div><\/div><div class=\"fusion-fullwidth fullwidth-box fusion-builder-row-2 fusion-flex-container nonhundred-percent-fullwidth non-hundred-percent-height-scrolling\" style=\"--awb-border-radius-top-left:0px;--awb-border-radius-top-right:0px;--awb-border-radius-bottom-right:0px;--awb-border-radius-bottom-left:0px;--awb-padding-top:70px;--awb-padding-bottom:20px;--awb-background-color:#f2f2f2;--awb-flex-wrap:wrap;\" ><div class=\"fusion-builder-row fusion-row fusion-flex-align-items-flex-start fusion-flex-content-wrap\" style=\"max-width:1248px;margin-left: calc(-4% \/ 2 );margin-right: calc(-4% \/ 2 );\"><div class=\"fusion-layout-column fusion_builder_column fusion-builder-column-2 fusion_builder_column_1_2 1_2 fusion-flex-column\" style=\"--awb-bg-size:cover;--awb-width-large:50%;--awb-margin-top-large:0px;--awb-spacing-right-large:3.84%;--awb-margin-bottom-large:20px;--awb-spacing-left-large:3.84%;--awb-width-medium:50%;--awb-spacing-right-medium:3.84%;--awb-spacing-left-medium:3.84%;--awb-width-small:100%;--awb-spacing-right-small:1.92%;--awb-spacing-left-small:1.92%;\"><div class=\"fusion-column-wrapper fusion-flex-justify-content-flex-start fusion-content-layout-column\"><div class=\"home-card\">\n    <div class=\"row\">\n        <div class=\"col-12 bg-primary\">\n            <div class=\"row text-right align-items-center no-gutters\">\n                <div class=\"col\"><\/div>\n                <div class=\"col\">\n                    <p>POBIERZ ZA DARMO<\/p>\n                    <h3>Szybki przewodnik korzystania <br>z pomp ciep\u0142a<\/h3>\n                <\/div>\n            <\/div>\n        <\/div>\n        <div class=\"col-12 bg-white\">\n            <div class=\"row align-items-center justify-content-between no-gutters\">\n                <div class=\"col-6\">\n                    <img decoding=\"async\" src=\"data:image\/svg+xml,%3Csvg%20xmlns%3D%27http%3A%2F%2Fwww.w3.org%2F2000%2Fsvg%27%20width%3D%27235%27%20height%3D%27257%27%20viewBox%3D%270%200%20235%20257%27%3E%3Crect%20width%3D%27235%27%20height%3D%27257%27%20fill-opacity%3D%220%22%2F%3E%3C%2Fsvg%3E\" data-orig-src=\"https:\/\/termo-plus.com\/wp-content\/uploads\/2019\/03\/quick-guide-to-heat-pumps.png\" class=\"lazyload img-fluid\" alt=\"Responsive image\">\n                <\/div>\n                <div class=\"col-6 text-right\">\n                    <a class=\"btn btn-primary\" href=\"https:\/\/termo-plus.com\/quick-guide-heat-pumps\/\" role=\"button\">Download the Guide<\/a>\n                <\/div>\n            <\/div>\n        <\/div>\n    <\/div>\n<\/div><\/div><\/div><div class=\"fusion-layout-column fusion_builder_column fusion-builder-column-3 fusion_builder_column_1_2 1_2 fusion-flex-column\" style=\"--awb-bg-size:cover;--awb-width-large:50%;--awb-margin-top-large:0px;--awb-spacing-right-large:3.84%;--awb-margin-bottom-large:20px;--awb-spacing-left-large:3.84%;--awb-width-medium:50%;--awb-spacing-right-medium:3.84%;--awb-spacing-left-medium:3.84%;--awb-width-small:100%;--awb-spacing-right-small:1.92%;--awb-spacing-left-small:1.92%;\"><div class=\"fusion-column-wrapper fusion-flex-justify-content-flex-start fusion-content-layout-column\"><div class=\"home-card\">\n    <div class=\"row\">\n        <div class=\"col-12 bg-secondary\" style=\"\n    background-image: url(https:\/\/termo-plus.com\/wp-content\/uploads\/2019\/03\/bg-becom-out-partner.png);\n\">\n            <div class=\"row text-right align-items-center no-gutters\">\n                <div class=\"col\"><\/div>\n                <div class=\"col\">\n                    <h3>Zosta\u0144 naszym <br>partnerem<\/h3>\n                <\/div>\n            <\/div>\n        <\/div>\n        <div class=\"col-12 bg-white\">\n            <div class=\"row align-items-center justify-content-between no-gutters\">\n                <div class=\"col-7\">\n                    <img decoding=\"async\" src=\"data:image\/svg+xml,%3Csvg%20xmlns%3D%27http%3A%2F%2Fwww.w3.org%2F2000%2Fsvg%27%20width%3D%27252%27%20height%3D%27267%27%20viewBox%3D%270%200%20252%20267%27%3E%3Crect%20width%3D%27252%27%20height%3D%27267%27%20fill-opacity%3D%220%22%2F%3E%3C%2Fsvg%3E\" data-orig-src=\"https:\/\/termo-plus.com\/wp-content\/uploads\/2019\/03\/becom-out-partner.png\" class=\"lazyload img-fluid\" alt=\"Responsive image\">\n                <\/div>\n                <div class=\"col-5 text-right\">\n                    <a class=\"btn btn-secondary\" href=\"https:\/\/termo-plus.com\/pl\/partners\/\" role=\"button\">Do\u0142\u0105cz do nas<\/a>\n                <\/div>\n            <\/div>\n        <\/div>\n    <\/div>\n<\/div><\/div><\/div><\/div><\/div><div class=\"fusion-fullwidth fullwidth-box fusion-builder-row-3 fusion-flex-container new-template nonhundred-percent-fullwidth non-hundred-percent-height-scrolling\" style=\"--awb-border-radius-top-left:0px;--awb-border-radius-top-right:0px;--awb-border-radius-bottom-right:0px;--awb-border-radius-bottom-left:0px;--awb-padding-top:20px;--awb-padding-bottom:20px;--awb-background-color:#f2f2f2;--awb-flex-wrap:wrap;\" ><div class=\"fusion-builder-row fusion-row fusion-flex-align-items-flex-start fusion-flex-content-wrap\" style=\"max-width:calc( 1200px + 0px );margin-left: calc(-0px \/ 2 );margin-right: calc(-0px \/ 2 );\"><div class=\"fusion-layout-column fusion_builder_column fusion-builder-column-4 fusion_builder_column_1_1 1_1 fusion-flex-column\" style=\"--awb-bg-size:cover;--awb-width-large:100%;--awb-margin-top-large:0px;--awb-spacing-right-large:0px;--awb-margin-bottom-large:20px;--awb-spacing-left-large:0px;--awb-width-medium:100%;--awb-spacing-right-medium:0px;--awb-spacing-left-medium:0px;--awb-width-small:100%;--awb-spacing-right-small:0px;--awb-spacing-left-small:0px;\"><div class=\"fusion-column-wrapper fusion-flex-justify-content-flex-start fusion-content-layout-column\"><div class=\"fusion-title title fusion-title-2 fusion-sep-none fusion-title-center fusion-title-text fusion-title-size-two text-secondary\" style=\"--awb-margin-bottom:0px;--awb-sep-color:#303e48;\"><h2 class=\"fusion-title-heading title-heading-center\" style=\"margin:0;\">Nagradzane pompy ciep\u0142a:<\/h2><\/div><div class=\"fusion-title title fusion-title-3 fusion-sep-none fusion-title-center fusion-title-text fusion-title-size-three text-primary\" style=\"--awb-margin-bottom:46px;--awb-sep-color:#303e48;\"><h3 class=\"fusion-title-heading title-heading-center\" style=\"margin:0;\">Jak powstaj\u0105 nasze produkty<\/h3><\/div><div class=\"fusion-video fusion-youtube yt-landing\" style=\"--awb-max-width:600px;--awb-max-height:360px;\"><div class=\"video-shortcode\"><div class=\"fluid-width-video-wrapper\" style=\"padding-top:60%;\" ><iframe title=\"YouTube video player 1\" src=\"https:\/\/www.youtube.com\/embed\/0HGJ8gCBjCY?wmode=transparent&autoplay=0&amp;rel=0\" width=\"600\" height=\"360\" allowfullscreen allow=\"autoplay; fullscreen\"><\/iframe><\/div><\/div><\/div><\/div><\/div><\/div><\/div><\/p>\n","protected":false},"excerpt":{"rendered":"","protected":false},"author":25,"featured_media":0,"parent":0,"menu_order":0,"comment_status":"closed","ping_status":"closed","template":"100-width.php","meta":{"_acf_changed":false,"ngg_post_thumbnail":0,"footnotes":""},"class_list":["post-3515","page","type-page","status-publish","hentry"],"acf":[],"yoast_head":"<!-- This site is optimized with the Yoast SEO plugin v27.4 - https:\/\/yoast.com\/product\/yoast-seo-wordpress\/ -->\n<title>Pompy ciep\u0142a Termo Plus | TermoPlus Heat Pumps<\/title>\n<meta name=\"robots\" content=\"index, follow, max-snippet:-1, max-image-preview:large, max-video-preview:-1\" \/>\n<link rel=\"canonical\" href=\"https:\/\/termo-plus.com\/pl\/\" \/>\n<meta property=\"og:locale\" content=\"pl_PL\" \/>\n<meta property=\"og:type\" content=\"article\" \/>\n<meta property=\"og:title\" content=\"Pompy ciep\u0142a Termo Plus | TermoPlus Heat Pumps\" \/>\n<meta property=\"og:url\" content=\"https:\/\/termo-plus.com\/pl\/\" \/>\n<meta property=\"og:site_name\" content=\"TermoPlus Heat Pumps\" \/>\n<meta property=\"article:modified_time\" content=\"2024-03-01T08:30:41+00:00\" \/>\n<meta property=\"og:image\" content=\"https:\/\/termo-plus.com\/wp-content\/uploads\/2018\/09\/heat-pumps-for-housing.png\" \/>\n<meta name=\"twitter:card\" content=\"summary_large_image\" \/>\n<meta name=\"twitter:site\" content=\"@termo_plus\" \/>\n<meta name=\"twitter:label1\" content=\"Szacowany czas czytania\" \/>\n\t<meta name=\"twitter:data1\" content=\"6 minut\" \/>\n<script type=\"application\/ld+json\" class=\"yoast-schema-graph\">{\"@context\":\"https:\\\/\\\/schema.org\",\"@graph\":[{\"@type\":\"WebPage\",\"@id\":\"https:\\\/\\\/termo-plus.com\\\/pl\\\/\",\"url\":\"https:\\\/\\\/termo-plus.com\\\/pl\\\/\",\"name\":\"Pompy ciep\u0142a Termo Plus | TermoPlus Heat Pumps\",\"isPartOf\":{\"@id\":\"https:\\\/\\\/termo-plus.com\\\/pl\\\/#website\"},\"primaryImageOfPage\":{\"@id\":\"https:\\\/\\\/termo-plus.com\\\/pl\\\/#primaryimage\"},\"image\":{\"@id\":\"https:\\\/\\\/termo-plus.com\\\/pl\\\/#primaryimage\"},\"thumbnailUrl\":\"https:\\\/\\\/termo-plus.com\\\/wp-content\\\/uploads\\\/2018\\\/09\\\/heat-pumps-for-housing.png\",\"datePublished\":\"2019-01-04T17:04:04+00:00\",\"dateModified\":\"2024-03-01T08:30:41+00:00\",\"breadcrumb\":{\"@id\":\"https:\\\/\\\/termo-plus.com\\\/pl\\\/#breadcrumb\"},\"inLanguage\":\"pl-PL\",\"potentialAction\":[{\"@type\":\"ReadAction\",\"target\":[\"https:\\\/\\\/termo-plus.com\\\/pl\\\/\"]}]},{\"@type\":\"ImageObject\",\"inLanguage\":\"pl-PL\",\"@id\":\"https:\\\/\\\/termo-plus.com\\\/pl\\\/#primaryimage\",\"url\":\"https:\\\/\\\/termo-plus.com\\\/wp-content\\\/uploads\\\/2018\\\/09\\\/heat-pumps-for-housing.png\",\"contentUrl\":\"https:\\\/\\\/termo-plus.com\\\/wp-content\\\/uploads\\\/2018\\\/09\\\/heat-pumps-for-housing.png\"},{\"@type\":\"BreadcrumbList\",\"@id\":\"https:\\\/\\\/termo-plus.com\\\/pl\\\/#breadcrumb\",\"itemListElement\":[{\"@type\":\"ListItem\",\"position\":1,\"name\":\"Home\",\"item\":\"https:\\\/\\\/termo-plus.com\\\/pl\\\/\"},{\"@type\":\"ListItem\",\"position\":2,\"name\":\"Pompy ciep\u0142a Termo Plus\"}]},{\"@type\":\"WebSite\",\"@id\":\"https:\\\/\\\/termo-plus.com\\\/pl\\\/#website\",\"url\":\"https:\\\/\\\/termo-plus.com\\\/pl\\\/\",\"name\":\"TermoPlus Heat Pumps\",\"description\":\"Customised for efficiency, supported for perfection.\",\"potentialAction\":[{\"@type\":\"SearchAction\",\"target\":{\"@type\":\"EntryPoint\",\"urlTemplate\":\"https:\\\/\\\/termo-plus.com\\\/pl\\\/?s={search_term_string}\"},\"query-input\":{\"@type\":\"PropertyValueSpecification\",\"valueRequired\":true,\"valueName\":\"search_term_string\"}}],\"inLanguage\":\"pl-PL\"}]}<\/script>\n<!-- \/ Yoast SEO plugin. -->","yoast_head_json":{"title":"Pompy ciep\u0142a Termo Plus | TermoPlus Heat Pumps","robots":{"index":"index","follow":"follow","max-snippet":"max-snippet:-1","max-image-preview":"max-image-preview:large","max-video-preview":"max-video-preview:-1"},"canonical":"https:\/\/termo-plus.com\/pl\/","og_locale":"pl_PL","og_type":"article","og_title":"Pompy ciep\u0142a Termo Plus | TermoPlus Heat Pumps","og_url":"https:\/\/termo-plus.com\/pl\/","og_site_name":"TermoPlus Heat Pumps","article_modified_time":"2024-03-01T08:30:41+00:00","og_image":[{"url":"https:\/\/termo-plus.com\/wp-content\/uploads\/2018\/09\/heat-pumps-for-housing.png","type":"","width":"","height":""}],"twitter_card":"summary_large_image","twitter_site":"@termo_plus","twitter_misc":{"Szacowany czas czytania":"6 minut"},"schema":{"@context":"https:\/\/schema.org","@graph":[{"@type":"WebPage","@id":"https:\/\/termo-plus.com\/pl\/","url":"https:\/\/termo-plus.com\/pl\/","name":"Pompy ciep\u0142a Termo Plus | TermoPlus Heat Pumps","isPartOf":{"@id":"https:\/\/termo-plus.com\/pl\/#website"},"primaryImageOfPage":{"@id":"https:\/\/termo-plus.com\/pl\/#primaryimage"},"image":{"@id":"https:\/\/termo-plus.com\/pl\/#primaryimage"},"thumbnailUrl":"https:\/\/termo-plus.com\/wp-content\/uploads\/2018\/09\/heat-pumps-for-housing.png","datePublished":"2019-01-04T17:04:04+00:00","dateModified":"2024-03-01T08:30:41+00:00","breadcrumb":{"@id":"https:\/\/termo-plus.com\/pl\/#breadcrumb"},"inLanguage":"pl-PL","potentialAction":[{"@type":"ReadAction","target":["https:\/\/termo-plus.com\/pl\/"]}]},{"@type":"ImageObject","inLanguage":"pl-PL","@id":"https:\/\/termo-plus.com\/pl\/#primaryimage","url":"https:\/\/termo-plus.com\/wp-content\/uploads\/2018\/09\/heat-pumps-for-housing.png","contentUrl":"https:\/\/termo-plus.com\/wp-content\/uploads\/2018\/09\/heat-pumps-for-housing.png"},{"@type":"BreadcrumbList","@id":"https:\/\/termo-plus.com\/pl\/#breadcrumb","itemListElement":[{"@type":"ListItem","position":1,"name":"Home","item":"https:\/\/termo-plus.com\/pl\/"},{"@type":"ListItem","position":2,"name":"Pompy ciep\u0142a Termo Plus"}]},{"@type":"WebSite","@id":"https:\/\/termo-plus.com\/pl\/#website","url":"https:\/\/termo-plus.com\/pl\/","name":"TermoPlus Heat Pumps","description":"Customised for efficiency, supported for perfection.","potentialAction":[{"@type":"SearchAction","target":{"@type":"EntryPoint","urlTemplate":"https:\/\/termo-plus.com\/pl\/?s={search_term_string}"},"query-input":{"@type":"PropertyValueSpecification","valueRequired":true,"valueName":"search_term_string"}}],"inLanguage":"pl-PL"}]}},"_links":{"self":[{"href":"https:\/\/termo-plus.com\/pl\/wp-json\/wp\/v2\/pages\/3515","targetHints":{"allow":["GET"]}}],"collection":[{"href":"https:\/\/termo-plus.com\/pl\/wp-json\/wp\/v2\/pages"}],"about":[{"href":"https:\/\/termo-plus.com\/pl\/wp-json\/wp\/v2\/types\/page"}],"author":[{"embeddable":true,"href":"https:\/\/termo-plus.com\/pl\/wp-json\/wp\/v2\/users\/25"}],"replies":[{"embeddable":true,"href":"https:\/\/termo-plus.com\/pl\/wp-json\/wp\/v2\/comments?post=3515"}],"version-history":[{"count":7,"href":"https:\/\/termo-plus.com\/pl\/wp-json\/wp\/v2\/pages\/3515\/revisions"}],"predecessor-version":[{"id":6241,"href":"https:\/\/termo-plus.com\/pl\/wp-json\/wp\/v2\/pages\/3515\/revisions\/6241"}],"wp:attachment":[{"href":"https:\/\/termo-plus.com\/pl\/wp-json\/wp\/v2\/media?parent=3515"}],"curies":[{"name":"wp","href":"https:\/\/api.w.org\/{rel}","templated":true}]}}