{"id":2908,"date":"2018-09-07T17:48:56","date_gmt":"2018-09-07T17:48:56","guid":{"rendered":"https:\/\/termo-plus.com\/sl\/?page_id=2908"},"modified":"2018-09-07T17:48:56","modified_gmt":"2018-09-07T17:48:56","slug":"partnerji","status":"publish","type":"page","link":"https:\/\/termo-plus.com\/sl\/partnerji\/","title":{"rendered":"Partnerji"},"content":{"rendered":"<p><div class=\"fusion-fullwidth fullwidth-box fusion-builder-row-1 fusion-flex-container page-header-image nonhundred-percent-fullwidth non-hundred-percent-height-scrolling\" style=\"--awb-border-radius-top-left:0px;--awb-border-radius-top-right:0px;--awb-border-radius-bottom-right:0px;--awb-border-radius-bottom-left:0px;--awb-padding-top:20px;--awb-padding-bottom:20px;--awb-flex-wrap:wrap;\" ><div class=\"fusion-builder-row fusion-row fusion-flex-align-items-flex-start fusion-flex-content-wrap\" style=\"max-width:calc( 1200px + 0px );margin-left: calc(-0px \/ 2 );margin-right: calc(-0px \/ 2 );\"><div class=\"fusion-layout-column fusion_builder_column fusion-builder-column-0 fusion_builder_column_1_1 1_1 fusion-flex-column\" style=\"--awb-bg-size:cover;--awb-width-large:100%;--awb-margin-top-large:0px;--awb-spacing-right-large:0px;--awb-margin-bottom-large:20px;--awb-spacing-left-large:0px;--awb-width-medium:100%;--awb-spacing-right-medium:0px;--awb-spacing-left-medium:0px;--awb-width-small:100%;--awb-spacing-right-small:0px;--awb-spacing-left-small:0px;\"><div class=\"fusion-column-wrapper fusion-flex-justify-content-flex-start fusion-content-layout-column\"><span style=\"background-image: url(https:\/\/termo-plus.com\/wp-content\/uploads\/2016\/11\/header-page-person.png);\" class=\"fusion-imageframe imageframe-none imageframe-1 hover-type-none header-image\"><\/span><\/div><\/div><\/div><\/div><div class=\"fusion-fullwidth fullwidth-box fusion-builder-row-2 fusion-flex-container head-box nonhundred-percent-fullwidth non-hundred-percent-height-scrolling\" style=\"--awb-border-radius-top-left:0px;--awb-border-radius-top-right:0px;--awb-border-radius-bottom-right:0px;--awb-border-radius-bottom-left:0px;--awb-padding-top:20px;--awb-padding-bottom:20px;--awb-flex-wrap:wrap;\" ><div class=\"fusion-builder-row fusion-row fusion-flex-align-items-flex-start fusion-flex-content-wrap\" style=\"max-width:1248px;margin-left: calc(-4% \/ 2 );margin-right: calc(-4% \/ 2 );\"><div class=\"fusion-layout-column fusion_builder_column fusion-builder-column-1 fusion_builder_column_1_3 1_3 fusion-flex-column\" style=\"--awb-bg-size:cover;--awb-width-large:33.333333333333%;--awb-margin-top-large:0px;--awb-spacing-right-large:3.8399999999999%;--awb-margin-bottom-large:20px;--awb-spacing-left-large:5.76%;--awb-width-medium:33.333333333333%;--awb-spacing-right-medium:3.8399999999999%;--awb-spacing-left-medium:5.76%;--awb-width-small:100%;--awb-spacing-right-small:1.92%;--awb-spacing-left-small:1.92%;\"><div class=\"fusion-column-wrapper fusion-flex-justify-content-flex-start fusion-content-layout-column\"><div class=\"fusion-content-boxes content-boxes columns row fusion-columns-1 fusion-columns-total-1 fusion-content-boxes-1 content-boxes-icon-with-title content-left\" style=\"--awb-backgroundcolor:rgba(45,45,45,0.77);--awb-body-color:#ffffff;--awb-title-color:#ffffff;--awb-hover-accent-color:#4cab74;--awb-circle-hover-accent-color:#4cab74;--awb-item-margin-bottom:40px;\" data-animationOffset=\"top-into-view\"><div style=\"--awb-backgroundcolor:rgba(35,35,35,0.75);\" class=\"fusion-column content-box-column content-box-column content-box-column-1 col-lg-12 col-md-12 col-sm-12 fusion-content-box-hover content-box-column-last content-box-column-last-in-row\"><div class=\"col content-box-wrapper content-wrapper-background link-area-link-icon link-type-button icon-hover-animation-fade\" data-animationOffset=\"top-into-view\"><div class=\"heading icon-left\"><a class=\"heading-link\" style=\"float:left;\" href=\"https:\/\/termo-plus.com\/partners\/become-a-partner\/\" target=\"_self\"><h2 class=\"content-box-heading\" style=\"--h2_typography-font-size:28px;line-height:33px;\">POSTANITE PARTNER<\/h2><\/a><\/div><div class=\"fusion-clearfix\"><\/div><div class=\"content-container\">V svetu ne boste na\u0161li nobenega drugega proizvajalca toplotnih \u010drpalk, ki vam bo zagotavljal bolj\u0161o podporo in pozornost, kot vam jo zagotavljamo mi.<\/div><div class=\"fusion-clearfix\"><\/div><a class=\"fusion-read-more-button fusion-content-box-button fusion-button button-default fusion-button-default-size button- button-flat\" style=\"float:left;\" href=\"https:\/\/termo-plus.com\/partners\/become-a-partner\/\" target=\"_self\"><span class=\"fusion-button-text\">PRIDRU\u017dITE SE NAM<\/span><\/a><div class=\"fusion-clearfix\"><\/div><\/div><\/div><div class=\"fusion-clearfix\"><\/div><\/div><\/div><\/div><\/div><\/div><div class=\"fusion-fullwidth fullwidth-box fusion-builder-row-3 fusion-flex-container feature-3-column nonhundred-percent-fullwidth non-hundred-percent-height-scrolling\" style=\"--awb-border-radius-top-left:0px;--awb-border-radius-top-right:0px;--awb-border-radius-bottom-right:0px;--awb-border-radius-bottom-left:0px;--awb-padding-top:30px;--awb-padding-bottom:20px;--awb-flex-wrap:wrap;\" ><div class=\"fusion-builder-row fusion-row fusion-flex-align-items-flex-start fusion-flex-content-wrap\" style=\"max-width:1248px;margin-left: calc(-4% \/ 2 );margin-right: calc(-4% \/ 2 );\"><div class=\"fusion-layout-column fusion_builder_column fusion-builder-column-2 fusion_builder_column_1_3 1_3 fusion-flex-column\" style=\"--awb-bg-size:cover;--awb-width-large:33.333333333333%;--awb-margin-top-large:0px;--awb-spacing-right-large:5.76%;--awb-margin-bottom-large:20px;--awb-spacing-left-large:5.76%;--awb-width-medium:33.333333333333%;--awb-spacing-right-medium:5.76%;--awb-spacing-left-medium:5.76%;--awb-width-small:100%;--awb-spacing-right-small:1.92%;--awb-spacing-left-small:1.92%;\"><div class=\"fusion-column-wrapper fusion-flex-justify-content-flex-start fusion-content-layout-column\"><div class=\"fusion-title title fusion-title-1 fusion-sep-none fusion-title-center fusion-title-text fusion-title-size-two\" style=\"--awb-margin-bottom:5px;\"><h2 class=\"fusion-title-heading title-heading-center\" style=\"margin:0;\">OBLJUBA PARTNERJEM<\/h2><\/div><div class=\"fusion-text fusion-text-1\"><p style=\"text-align: left;\">Imamo nov partnerski program, ki se gradi na temelju va\u0161e poslovne rasti. &nbsp;<a href=\"https:\/\/termo-plus.com\/promise\/\">Ugotovite, zakaj nas imajo partnerji radi<\/a>.<\/p>\n<\/div><\/div><\/div><div class=\"fusion-layout-column fusion_builder_column fusion-builder-column-3 fusion_builder_column_1_3 1_3 fusion-flex-column\" style=\"--awb-bg-size:cover;--awb-width-large:33.333333333333%;--awb-margin-top-large:0px;--awb-spacing-right-large:5.76%;--awb-margin-bottom-large:20px;--awb-spacing-left-large:5.76%;--awb-width-medium:33.333333333333%;--awb-spacing-right-medium:5.76%;--awb-spacing-left-medium:5.76%;--awb-width-small:100%;--awb-spacing-right-small:1.92%;--awb-spacing-left-small:1.92%;\"><div class=\"fusion-column-wrapper fusion-flex-justify-content-flex-start fusion-content-layout-column\"><div class=\"fusion-title title fusion-title-2 fusion-sep-none fusion-title-center fusion-title-text fusion-title-size-two\" style=\"--awb-margin-bottom:5px;\"><h2 class=\"fusion-title-heading title-heading-center\" style=\"margin:0;\">USPOSABLJANJE IN CERTIFIKACIJA<\/h2><\/div><div class=\"fusion-text fusion-text-2\"><p style=\"text-align: left;\">Nudimo certificirano usposabljanje za monterje in vrsto strokovnih tehni\u010dnih te\u010dajev s strani na\u0161ih in\u017eenirjev in strokovnjakov.<br \/>\nUsposabljanje je na voljo v na\u0161ih raziskovalnih in testnih objektih v Sloveniji. <a href=\"https:\/\/termo-plus.com\/promise\/\">Izvedite ve\u010d.<\/a><\/p>\n<\/div><\/div><\/div><div class=\"fusion-layout-column fusion_builder_column fusion-builder-column-4 fusion_builder_column_1_3 1_3 fusion-flex-column\" style=\"--awb-bg-size:cover;--awb-width-large:33.333333333333%;--awb-margin-top-large:0px;--awb-spacing-right-large:5.76%;--awb-margin-bottom-large:20px;--awb-spacing-left-large:5.76%;--awb-width-medium:33.333333333333%;--awb-spacing-right-medium:5.76%;--awb-spacing-left-medium:5.76%;--awb-width-small:100%;--awb-spacing-right-small:1.92%;--awb-spacing-left-small:1.92%;\"><div class=\"fusion-column-wrapper fusion-flex-justify-content-flex-start fusion-content-layout-column\"><div class=\"fusion-title title fusion-title-3 fusion-sep-none fusion-title-center fusion-title-text fusion-title-size-two\" style=\"--awb-margin-bottom:5px;\"><h2 class=\"fusion-title-heading title-heading-center\" style=\"margin:0;\">PODPORA<\/h2><\/div><div class=\"fusion-text fusion-text-3\"><p style=\"text-align: left;\">Pridobite strokovno podporo za projekte v \u017eivo prek videoklepeta na spletnem mestu ali pa podajte zahtevek za podporo za posvet.<br \/> Vedno lahko ra\u010dunate na na\u0161 hiter odziv in najve\u010djo pozornost, kot vam jo lahko ponudimo. \u2013 <a href=\"https:\/\/termo-plus.com\/partners\/become-a-partner\/\">Pridru\u017eite se nam.<\/a><\/p>\n<\/div><\/div><\/div><\/div><\/div><\/p>\n","protected":false},"excerpt":{"rendered":"","protected":false},"author":25,"featured_media":0,"parent":0,"menu_order":0,"comment_status":"closed","ping_status":"closed","template":"","meta":{"_acf_changed":false,"ngg_post_thumbnail":0,"footnotes":""},"class_list":["post-2908","page","type-page","status-publish","hentry"],"acf":[],"yoast_head":"<!-- This site is optimized with the Yoast SEO plugin v27.5 - https:\/\/yoast.com\/product\/yoast-seo-wordpress\/ -->\n<title>Partnerji | TermoPlus Heat Pumps<\/title>\n<meta name=\"robots\" content=\"index, follow, max-snippet:-1, max-image-preview:large, max-video-preview:-1\" \/>\n<link rel=\"canonical\" href=\"https:\/\/termo-plus.com\/sl\/partnerji\/\" \/>\n<meta property=\"og:locale\" content=\"sl_SI\" \/>\n<meta property=\"og:type\" content=\"article\" \/>\n<meta property=\"og:title\" content=\"Partnerji | TermoPlus Heat Pumps\" \/>\n<meta property=\"og:url\" content=\"https:\/\/termo-plus.com\/sl\/partnerji\/\" \/>\n<meta property=\"og:site_name\" content=\"TermoPlus Heat Pumps\" \/>\n<meta name=\"twitter:card\" content=\"summary_large_image\" \/>\n<meta name=\"twitter:site\" content=\"@termo_plus\" \/>\n<meta name=\"twitter:label1\" content=\"Est. reading time\" \/>\n\t<meta name=\"twitter:data1\" content=\"5 minut\" \/>\n<script type=\"application\/ld+json\" class=\"yoast-schema-graph\">{\"@context\":\"https:\\\/\\\/schema.org\",\"@graph\":[{\"@type\":\"WebPage\",\"@id\":\"https:\\\/\\\/termo-plus.com\\\/sl\\\/partnerji\\\/\",\"url\":\"https:\\\/\\\/termo-plus.com\\\/sl\\\/partnerji\\\/\",\"name\":\"Partnerji | TermoPlus Heat Pumps\",\"isPartOf\":{\"@id\":\"https:\\\/\\\/termo-plus.com\\\/sl\\\/#website\"},\"datePublished\":\"2018-09-07T17:48:56+00:00\",\"breadcrumb\":{\"@id\":\"https:\\\/\\\/termo-plus.com\\\/sl\\\/partnerji\\\/#breadcrumb\"},\"inLanguage\":\"sl-SI\",\"potentialAction\":[{\"@type\":\"ReadAction\",\"target\":[\"https:\\\/\\\/termo-plus.com\\\/sl\\\/partnerji\\\/\"]}]},{\"@type\":\"BreadcrumbList\",\"@id\":\"https:\\\/\\\/termo-plus.com\\\/sl\\\/partnerji\\\/#breadcrumb\",\"itemListElement\":[{\"@type\":\"ListItem\",\"position\":1,\"name\":\"Home\",\"item\":\"https:\\\/\\\/termo-plus.com\\\/sl\\\/\"},{\"@type\":\"ListItem\",\"position\":2,\"name\":\"Partnerji\"}]},{\"@type\":\"WebSite\",\"@id\":\"https:\\\/\\\/termo-plus.com\\\/sl\\\/#website\",\"url\":\"https:\\\/\\\/termo-plus.com\\\/sl\\\/\",\"name\":\"TermoPlus Heat Pumps\",\"description\":\"Customised for efficiency, supported for perfection.\",\"potentialAction\":[{\"@type\":\"SearchAction\",\"target\":{\"@type\":\"EntryPoint\",\"urlTemplate\":\"https:\\\/\\\/termo-plus.com\\\/sl\\\/?s={search_term_string}\"},\"query-input\":{\"@type\":\"PropertyValueSpecification\",\"valueRequired\":true,\"valueName\":\"search_term_string\"}}],\"inLanguage\":\"sl-SI\"}]}<\/script>\n<!-- \/ Yoast SEO plugin. -->","yoast_head_json":{"title":"Partnerji | TermoPlus Heat Pumps","robots":{"index":"index","follow":"follow","max-snippet":"max-snippet:-1","max-image-preview":"max-image-preview:large","max-video-preview":"max-video-preview:-1"},"canonical":"https:\/\/termo-plus.com\/sl\/partnerji\/","og_locale":"sl_SI","og_type":"article","og_title":"Partnerji | TermoPlus Heat Pumps","og_url":"https:\/\/termo-plus.com\/sl\/partnerji\/","og_site_name":"TermoPlus Heat Pumps","twitter_card":"summary_large_image","twitter_site":"@termo_plus","twitter_misc":{"Est. reading time":"5 minut"},"schema":{"@context":"https:\/\/schema.org","@graph":[{"@type":"WebPage","@id":"https:\/\/termo-plus.com\/sl\/partnerji\/","url":"https:\/\/termo-plus.com\/sl\/partnerji\/","name":"Partnerji | TermoPlus Heat Pumps","isPartOf":{"@id":"https:\/\/termo-plus.com\/sl\/#website"},"datePublished":"2018-09-07T17:48:56+00:00","breadcrumb":{"@id":"https:\/\/termo-plus.com\/sl\/partnerji\/#breadcrumb"},"inLanguage":"sl-SI","potentialAction":[{"@type":"ReadAction","target":["https:\/\/termo-plus.com\/sl\/partnerji\/"]}]},{"@type":"BreadcrumbList","@id":"https:\/\/termo-plus.com\/sl\/partnerji\/#breadcrumb","itemListElement":[{"@type":"ListItem","position":1,"name":"Home","item":"https:\/\/termo-plus.com\/sl\/"},{"@type":"ListItem","position":2,"name":"Partnerji"}]},{"@type":"WebSite","@id":"https:\/\/termo-plus.com\/sl\/#website","url":"https:\/\/termo-plus.com\/sl\/","name":"TermoPlus Heat Pumps","description":"Customised for efficiency, supported for perfection.","potentialAction":[{"@type":"SearchAction","target":{"@type":"EntryPoint","urlTemplate":"https:\/\/termo-plus.com\/sl\/?s={search_term_string}"},"query-input":{"@type":"PropertyValueSpecification","valueRequired":true,"valueName":"search_term_string"}}],"inLanguage":"sl-SI"}]}},"_links":{"self":[{"href":"https:\/\/termo-plus.com\/sl\/wp-json\/wp\/v2\/pages\/2908","targetHints":{"allow":["GET"]}}],"collection":[{"href":"https:\/\/termo-plus.com\/sl\/wp-json\/wp\/v2\/pages"}],"about":[{"href":"https:\/\/termo-plus.com\/sl\/wp-json\/wp\/v2\/types\/page"}],"author":[{"embeddable":true,"href":"https:\/\/termo-plus.com\/sl\/wp-json\/wp\/v2\/users\/25"}],"replies":[{"embeddable":true,"href":"https:\/\/termo-plus.com\/sl\/wp-json\/wp\/v2\/comments?post=2908"}],"version-history":[{"count":1,"href":"https:\/\/termo-plus.com\/sl\/wp-json\/wp\/v2\/pages\/2908\/revisions"}],"predecessor-version":[{"id":2909,"href":"https:\/\/termo-plus.com\/sl\/wp-json\/wp\/v2\/pages\/2908\/revisions\/2909"}],"wp:attachment":[{"href":"https:\/\/termo-plus.com\/sl\/wp-json\/wp\/v2\/media?parent=2908"}],"curies":[{"name":"wp","href":"https:\/\/api.w.org\/{rel}","templated":true}]}}