{"id":2930,"date":"2018-09-08T08:05:38","date_gmt":"2018-09-08T08:05:38","guid":{"rendered":"https:\/\/termo-plus.com\/sl\/?page_id=2930"},"modified":"2018-09-08T08:05:38","modified_gmt":"2018-09-08T08:05:38","slug":"prijava","status":"publish","type":"page","link":"https:\/\/termo-plus.com\/sl\/partnerji\/prijava\/","title":{"rendered":"Prijava"},"content":{"rendered":"<p><div class=\"fusion-fullwidth fullwidth-box fusion-builder-row-1 fusion-flex-container page-header-image nonhundred-percent-fullwidth non-hundred-percent-height-scrolling\" style=\"--awb-border-radius-top-left:0px;--awb-border-radius-top-right:0px;--awb-border-radius-bottom-right:0px;--awb-border-radius-bottom-left:0px;--awb-padding-top:20px;--awb-padding-bottom:20px;--awb-flex-wrap:wrap;\" ><div class=\"fusion-builder-row fusion-row fusion-flex-align-items-flex-start fusion-flex-content-wrap\" style=\"max-width:calc( 1200px + 0px );margin-left: calc(-0px \/ 2 );margin-right: calc(-0px \/ 2 );\"><div class=\"fusion-layout-column fusion_builder_column fusion-builder-column-0 fusion_builder_column_1_1 1_1 fusion-flex-column\" style=\"--awb-bg-size:cover;--awb-width-large:100%;--awb-margin-top-large:0px;--awb-spacing-right-large:0px;--awb-margin-bottom-large:20px;--awb-spacing-left-large:0px;--awb-width-medium:100%;--awb-spacing-right-medium:0px;--awb-spacing-left-medium:0px;--awb-width-small:100%;--awb-spacing-right-small:0px;--awb-spacing-left-small:0px;\"><div class=\"fusion-column-wrapper fusion-flex-justify-content-flex-start fusion-content-layout-column\"><span style=\"background-image: url(https:\/\/termo-plus.com\/wp-content\/uploads\/2016\/11\/header-page-person.png);\" class=\"fusion-imageframe imageframe-none imageframe-1 hover-type-none header-image\"><\/span><\/div><\/div><\/div><\/div><div class=\"fusion-fullwidth fullwidth-box fusion-builder-row-2 fusion-flex-container head-box nonhundred-percent-fullwidth non-hundred-percent-height-scrolling\" style=\"--awb-border-radius-top-left:0px;--awb-border-radius-top-right:0px;--awb-border-radius-bottom-right:0px;--awb-border-radius-bottom-left:0px;--awb-padding-top:20px;--awb-padding-bottom:20px;--awb-flex-wrap:wrap;\" ><div class=\"fusion-builder-row fusion-row fusion-flex-align-items-flex-start fusion-flex-content-wrap\" style=\"max-width:1248px;margin-left: calc(-4% \/ 2 );margin-right: calc(-4% \/ 2 );\"><div class=\"fusion-layout-column fusion_builder_column fusion-builder-column-1 fusion_builder_column_1_3 1_3 fusion-flex-column\" style=\"--awb-bg-size:cover;--awb-width-large:33.333333333333%;--awb-margin-top-large:0px;--awb-spacing-right-large:3.8399999999999%;--awb-margin-bottom-large:20px;--awb-spacing-left-large:5.76%;--awb-width-medium:33.333333333333%;--awb-spacing-right-medium:3.8399999999999%;--awb-spacing-left-medium:5.76%;--awb-width-small:100%;--awb-spacing-right-small:1.92%;--awb-spacing-left-small:1.92%;\"><div class=\"fusion-column-wrapper fusion-flex-justify-content-flex-start fusion-content-layout-column\"><div class=\"fusion-content-boxes content-boxes columns row fusion-columns-1 fusion-columns-total-1 fusion-content-boxes-1 content-boxes-icon-with-title content-left\" style=\"--awb-backgroundcolor:rgba(45,45,45,0.77);--awb-body-color:#ffffff;--awb-title-color:#ffffff;--awb-hover-accent-color:#4cab74;--awb-circle-hover-accent-color:#4cab74;--awb-item-margin-bottom:40px;\" data-animationOffset=\"top-into-view\"><div style=\"--awb-backgroundcolor:rgba(35,35,35,0.75);\" class=\"fusion-column content-box-column content-box-column content-box-column-1 col-lg-12 col-md-12 col-sm-12 fusion-content-box-hover content-box-column-last content-box-column-last-in-row\"><div class=\"col content-box-wrapper content-wrapper-background link-area-link-icon link-type-button icon-hover-animation-fade\" data-animationOffset=\"top-into-view\"><div class=\"heading icon-left\"><a class=\"heading-link\" style=\"float:left;\" href=\"#\" target=\"_self\"><h2 class=\"content-box-heading\" style=\"--h2_typography-font-size:28px;line-height:33px;\">POSTANITE PARTNER<\/h2><\/a><\/div><div class=\"fusion-clearfix\"><\/div><div class=\"content-container\">V svetu ne boste na\u0161li nobenega drugega proizvajalca toplotnih \u010drpalk, ki vam bo zagotavljal bolj\u0161o podporo in pozornost, kot vam jo zagotavljamo mi.<\/div><div class=\"fusion-clearfix\"><\/div><a class=\"fusion-read-more-button fusion-content-box-button fusion-button button-default fusion-button-default-size button- button-flat\" style=\"float:left;\" href=\"#\" target=\"_self\"><span class=\"fusion-button-text\">PRIDRU\u017dITE SE NAM<\/span><\/a><div class=\"fusion-clearfix\"><\/div><\/div><\/div><div class=\"fusion-clearfix\"><\/div><\/div><\/div><\/div><\/div><\/div><div class=\"fusion-fullwidth fullwidth-box fusion-builder-row-3 fusion-flex-container nonhundred-percent-fullwidth non-hundred-percent-height-scrolling\" style=\"--awb-border-radius-top-left:0px;--awb-border-radius-top-right:0px;--awb-border-radius-bottom-right:0px;--awb-border-radius-bottom-left:0px;--awb-padding-top:20px;--awb-flex-wrap:wrap;\" ><div class=\"fusion-builder-row fusion-row fusion-flex-align-items-flex-start fusion-flex-content-wrap\" style=\"max-width:1248px;margin-left: calc(-4% \/ 2 );margin-right: calc(-4% \/ 2 );\"><div class=\"fusion-layout-column fusion_builder_column fusion-builder-column-2 fusion_builder_column_1_6 1_6 fusion-flex-column\" style=\"--awb-bg-size:cover;--awb-width-large:16.666666666667%;--awb-margin-top-large:0px;--awb-spacing-right-large:11.52%;--awb-margin-bottom-large:20px;--awb-spacing-left-large:11.52%;--awb-width-medium:16.666666666667%;--awb-spacing-right-medium:11.52%;--awb-spacing-left-medium:11.52%;--awb-width-small:100%;--awb-spacing-right-small:1.92%;--awb-spacing-left-small:1.92%;\"><div class=\"fusion-column-wrapper fusion-flex-justify-content-flex-start fusion-content-layout-column\"><\/div><\/div><div class=\"fusion-layout-column fusion_builder_column fusion-builder-column-3 fusion_builder_column_2_3 2_3 fusion-flex-column\" style=\"--awb-bg-size:cover;--awb-width-large:66.666666666667%;--awb-margin-top-large:0px;--awb-spacing-right-large:2.88%;--awb-margin-bottom-large:0px;--awb-spacing-left-large:2.88%;--awb-width-medium:66.666666666667%;--awb-spacing-right-medium:2.88%;--awb-spacing-left-medium:2.88%;--awb-width-small:100%;--awb-spacing-right-small:1.92%;--awb-spacing-left-small:1.92%;\"><div class=\"fusion-column-wrapper fusion-flex-justify-content-flex-start fusion-content-layout-column\"><div class=\"fusion-text fusion-text-1\"><div id=\"wppb-login-wrap\" class=\"wppb-user-forms\">\n\t\t<form name=\"wppb-loginform\" id=\"wppb-loginform\" class=\"\" action=\"https:\/\/termo-plus.com\/sl\/wp-json\/wp\/v2\/pages\/2930\" method=\"post\">\n\t\t\t\n\t\t\t<p class=\"wppb-form-field login-username\">\n\t\t\t\t<label for=\"wppb_user_login\">Email<\/label>\n\t\t\t\t<input type=\"email\" name=\"log\" id=\"wppb_user_login\" class=\"input\" value=\"\" size=\"20\" \/>\n\t\t\t<\/p>\n\t\t\t<p class=\"wppb-form-field login-password\">\n\t\t\t\t<label for=\"wppb_user_pass\">Password<\/label>\n\t\t\t\t<span class=\"wppb-password-field-container\">\n\t\t\t\t    <input type=\"password\" name=\"pwd\" id=\"wppb_user_pass\" class=\"input\" value=\"\" size=\"20\" \/>\n\t\t\t\t     <!-- add the HTML for the visibility toggle -->\n\t\t\t\t<\/span>\n            <\/p>\n\t\t\t\n\t\t\t\n\t\t\t<p class=\"wppb-form-field login-remember\"><input name=\"rememberme\" type=\"checkbox\" id=\"rememberme\" value=\"forever\" \/><label for=\"rememberme\">Remember Me<\/label><\/p>\n\t\t\t<p class=\"login-submit form-submit\">\n\t\t\t\t<input type=\"submit\" name=\"wp-submit\" id=\"wppb-submit\" class=\"button button-primary\" value=\"Log In\"\" \/>\n\t\t\t\t<input type=\"hidden\" name=\"redirect_to\" value=\"https:\/\/termo-plus.com\/sl\/wp-json\/wp\/v2\/pages\/2930\" \/>\n\t\t\t<\/p>\n\t\t\t<input type=\"hidden\" name=\"wppb_login\" value=\"true\"\/>\n\t\t\t<input type=\"hidden\" name=\"wppb_form_location\" value=\"widget\"\/>\n\t\t\t<input type=\"hidden\" name=\"wppb_request_url\" value=\"https:\/\/termo-plus.com\/sl\/wp-json\/wp\/v2\/pages\/2930\"\/>\n\t\t\t<input type=\"hidden\" name=\"wppb_lostpassword_url\" value=\"\"\/>\n\t\t\t<input type=\"hidden\" name=\"wppb_redirect_priority\" value=\"\"\/>\n\t\t\t<input type=\"hidden\" name=\"wppb_referer_url\" value=\"\"\/>\n\t\t\t<input type=\"hidden\" id=\"CSRFToken-wppb\" name=\"CSRFToken-wppb\" value=\"c180cf16c7\" \/><input type=\"hidden\" name=\"_wp_http_referer\" value=\"\/sl\/wp-json\/wp\/v2\/pages\/2930\" \/>\n\t\t\t<input type=\"hidden\" name=\"wppb_redirect_check\" value=\"true\"\/>\n\t\t\t\n\t\t<\/form><script>window.onload = function() { jQuery(document).ready(function($) { $(\"input[name=\\\"log\\\"]\").on(\"keyup\", function() { $(this).val( $.trim($(this).val()) ); }); }); }<\/script><\/div>\n<\/div><\/div><\/div><div class=\"fusion-layout-column fusion_builder_column fusion-builder-column-4 fusion_builder_column_1_6 1_6 fusion-flex-column\" style=\"--awb-bg-size:cover;--awb-width-large:16.666666666667%;--awb-margin-top-large:0px;--awb-spacing-right-large:11.52%;--awb-margin-bottom-large:20px;--awb-spacing-left-large:11.52%;--awb-width-medium:16.666666666667%;--awb-spacing-right-medium:11.52%;--awb-spacing-left-medium:11.52%;--awb-width-small:100%;--awb-spacing-right-small:1.92%;--awb-spacing-left-small:1.92%;\"><div class=\"fusion-column-wrapper fusion-flex-justify-content-flex-start fusion-content-layout-column\"><\/div><\/div><\/div><\/div><\/p>\n","protected":false},"excerpt":{"rendered":"","protected":false},"author":25,"featured_media":0,"parent":2908,"menu_order":0,"comment_status":"closed","ping_status":"closed","template":"default-with-redirect.php","meta":{"_acf_changed":false,"ngg_post_thumbnail":0,"footnotes":""},"class_list":["post-2930","page","type-page","status-publish","hentry"],"acf":[],"yoast_head":"<!-- This site is optimized with the Yoast SEO plugin v27.5 - https:\/\/yoast.com\/product\/yoast-seo-wordpress\/ -->\n<title>Prijava | TermoPlus Heat Pumps<\/title>\n<meta name=\"robots\" content=\"index, follow, max-snippet:-1, max-image-preview:large, max-video-preview:-1\" \/>\n<link rel=\"canonical\" href=\"https:\/\/termo-plus.com\/sl\/partnerji\/prijava\/\" \/>\n<meta property=\"og:locale\" content=\"sl_SI\" \/>\n<meta property=\"og:type\" content=\"article\" \/>\n<meta property=\"og:title\" content=\"Prijava | TermoPlus Heat Pumps\" \/>\n<meta property=\"og:url\" content=\"https:\/\/termo-plus.com\/sl\/partnerji\/prijava\/\" \/>\n<meta property=\"og:site_name\" content=\"TermoPlus Heat Pumps\" \/>\n<meta name=\"twitter:card\" content=\"summary_large_image\" \/>\n<meta name=\"twitter:site\" content=\"@termo_plus\" \/>\n<meta name=\"twitter:label1\" content=\"Est. reading time\" \/>\n\t<meta name=\"twitter:data1\" content=\"4 minute\" \/>\n<script type=\"application\/ld+json\" class=\"yoast-schema-graph\">{\"@context\":\"https:\\\/\\\/schema.org\",\"@graph\":[{\"@type\":\"WebPage\",\"@id\":\"https:\\\/\\\/termo-plus.com\\\/sl\\\/partnerji\\\/prijava\\\/\",\"url\":\"https:\\\/\\\/termo-plus.com\\\/sl\\\/partnerji\\\/prijava\\\/\",\"name\":\"Prijava | TermoPlus Heat Pumps\",\"isPartOf\":{\"@id\":\"https:\\\/\\\/termo-plus.com\\\/sl\\\/#website\"},\"datePublished\":\"2018-09-08T08:05:38+00:00\",\"breadcrumb\":{\"@id\":\"https:\\\/\\\/termo-plus.com\\\/sl\\\/partnerji\\\/prijava\\\/#breadcrumb\"},\"inLanguage\":\"sl-SI\",\"potentialAction\":[{\"@type\":\"ReadAction\",\"target\":[\"https:\\\/\\\/termo-plus.com\\\/sl\\\/partnerji\\\/prijava\\\/\"]}]},{\"@type\":\"BreadcrumbList\",\"@id\":\"https:\\\/\\\/termo-plus.com\\\/sl\\\/partnerji\\\/prijava\\\/#breadcrumb\",\"itemListElement\":[{\"@type\":\"ListItem\",\"position\":1,\"name\":\"Home\",\"item\":\"https:\\\/\\\/termo-plus.com\\\/sl\\\/\"},{\"@type\":\"ListItem\",\"position\":2,\"name\":\"Partnerji\",\"item\":\"https:\\\/\\\/termo-plus.com\\\/sl\\\/partnerji\\\/\"},{\"@type\":\"ListItem\",\"position\":3,\"name\":\"Prijava\"}]},{\"@type\":\"WebSite\",\"@id\":\"https:\\\/\\\/termo-plus.com\\\/sl\\\/#website\",\"url\":\"https:\\\/\\\/termo-plus.com\\\/sl\\\/\",\"name\":\"TermoPlus Heat Pumps\",\"description\":\"Customised for efficiency, supported for perfection.\",\"potentialAction\":[{\"@type\":\"SearchAction\",\"target\":{\"@type\":\"EntryPoint\",\"urlTemplate\":\"https:\\\/\\\/termo-plus.com\\\/sl\\\/?s={search_term_string}\"},\"query-input\":{\"@type\":\"PropertyValueSpecification\",\"valueRequired\":true,\"valueName\":\"search_term_string\"}}],\"inLanguage\":\"sl-SI\"}]}<\/script>\n<!-- \/ Yoast SEO plugin. -->","yoast_head_json":{"title":"Prijava | TermoPlus Heat Pumps","robots":{"index":"index","follow":"follow","max-snippet":"max-snippet:-1","max-image-preview":"max-image-preview:large","max-video-preview":"max-video-preview:-1"},"canonical":"https:\/\/termo-plus.com\/sl\/partnerji\/prijava\/","og_locale":"sl_SI","og_type":"article","og_title":"Prijava | TermoPlus Heat Pumps","og_url":"https:\/\/termo-plus.com\/sl\/partnerji\/prijava\/","og_site_name":"TermoPlus Heat Pumps","twitter_card":"summary_large_image","twitter_site":"@termo_plus","twitter_misc":{"Est. reading time":"4 minute"},"schema":{"@context":"https:\/\/schema.org","@graph":[{"@type":"WebPage","@id":"https:\/\/termo-plus.com\/sl\/partnerji\/prijava\/","url":"https:\/\/termo-plus.com\/sl\/partnerji\/prijava\/","name":"Prijava | TermoPlus Heat Pumps","isPartOf":{"@id":"https:\/\/termo-plus.com\/sl\/#website"},"datePublished":"2018-09-08T08:05:38+00:00","breadcrumb":{"@id":"https:\/\/termo-plus.com\/sl\/partnerji\/prijava\/#breadcrumb"},"inLanguage":"sl-SI","potentialAction":[{"@type":"ReadAction","target":["https:\/\/termo-plus.com\/sl\/partnerji\/prijava\/"]}]},{"@type":"BreadcrumbList","@id":"https:\/\/termo-plus.com\/sl\/partnerji\/prijava\/#breadcrumb","itemListElement":[{"@type":"ListItem","position":1,"name":"Home","item":"https:\/\/termo-plus.com\/sl\/"},{"@type":"ListItem","position":2,"name":"Partnerji","item":"https:\/\/termo-plus.com\/sl\/partnerji\/"},{"@type":"ListItem","position":3,"name":"Prijava"}]},{"@type":"WebSite","@id":"https:\/\/termo-plus.com\/sl\/#website","url":"https:\/\/termo-plus.com\/sl\/","name":"TermoPlus Heat Pumps","description":"Customised for efficiency, supported for perfection.","potentialAction":[{"@type":"SearchAction","target":{"@type":"EntryPoint","urlTemplate":"https:\/\/termo-plus.com\/sl\/?s={search_term_string}"},"query-input":{"@type":"PropertyValueSpecification","valueRequired":true,"valueName":"search_term_string"}}],"inLanguage":"sl-SI"}]}},"_links":{"self":[{"href":"https:\/\/termo-plus.com\/sl\/wp-json\/wp\/v2\/pages\/2930","targetHints":{"allow":["GET"]}}],"collection":[{"href":"https:\/\/termo-plus.com\/sl\/wp-json\/wp\/v2\/pages"}],"about":[{"href":"https:\/\/termo-plus.com\/sl\/wp-json\/wp\/v2\/types\/page"}],"author":[{"embeddable":true,"href":"https:\/\/termo-plus.com\/sl\/wp-json\/wp\/v2\/users\/25"}],"replies":[{"embeddable":true,"href":"https:\/\/termo-plus.com\/sl\/wp-json\/wp\/v2\/comments?post=2930"}],"version-history":[{"count":1,"href":"https:\/\/termo-plus.com\/sl\/wp-json\/wp\/v2\/pages\/2930\/revisions"}],"predecessor-version":[{"id":2931,"href":"https:\/\/termo-plus.com\/sl\/wp-json\/wp\/v2\/pages\/2930\/revisions\/2931"}],"up":[{"embeddable":true,"href":"https:\/\/termo-plus.com\/sl\/wp-json\/wp\/v2\/pages\/2908"}],"wp:attachment":[{"href":"https:\/\/termo-plus.com\/sl\/wp-json\/wp\/v2\/media?parent=2930"}],"curies":[{"name":"wp","href":"https:\/\/api.w.org\/{rel}","templated":true}]}}